{"id":96,"date":"2024-02-02T17:27:19","date_gmt":"2024-02-02T17:27:19","guid":{"rendered":"https:\/\/ceramicavalverde.com\/?page_id=96"},"modified":"2024-02-02T17:28:46","modified_gmt":"2024-02-02T17:28:46","slug":"ayudas-recibidas-autonomicas-europeas","status":"publish","type":"page","link":"https:\/\/ceramicavalverde.com\/index.php\/ayudas-recibidas-autonomicas-europeas\/","title":{"rendered":"Ayudas Recibidas"},"content":{"rendered":"\n<p><strong>Cer\u00e1mica&nbsp;&nbsp;Valverde&nbsp;Bail\u00e9n&nbsp;S.L<\/strong>.&nbsp;ha&nbsp;recibido&nbsp;una&nbsp;ayuda&nbsp;de&nbsp;la&nbsp;Uni\u00f3n&nbsp;Europea<br>con&nbsp;&nbsp;&nbsp;cargo&nbsp;&nbsp;al&nbsp;&nbsp;Programa&nbsp;&nbsp;Operativo&nbsp;&nbsp;FEDER&nbsp;&nbsp;de&nbsp;&nbsp;Andaluc\u00eda&nbsp;&nbsp;2014-2020,<br>financiada&nbsp;&nbsp;como&nbsp;&nbsp;parte&nbsp;&nbsp;de&nbsp;&nbsp;la&nbsp;respuesta&nbsp;de&nbsp;la&nbsp;Uni\u00f3n&nbsp;a&nbsp;la&nbsp;pandemia&nbsp;de<br>COVID-19&nbsp;&nbsp;(REACT-UE),&nbsp;&nbsp;para&nbsp;&nbsp;compensar&nbsp;el&nbsp;sobrecoste&nbsp;energ\u00e9tico&nbsp;de&nbsp;gas<br>natural&nbsp;&nbsp;y\/o&nbsp;&nbsp;electricidad&nbsp;a&nbsp;pymes&nbsp;y&nbsp;aut\u00f3nomos&nbsp;especialmente&nbsp;afectados<br>por&nbsp;&nbsp;el&nbsp;&nbsp;incremento&nbsp;&nbsp;de&nbsp;&nbsp;los&nbsp;&nbsp;precios&nbsp;del&nbsp;gas&nbsp;natural&nbsp;y&nbsp;la&nbsp;electriciad<br>provocados&nbsp;&nbsp;por&nbsp;&nbsp;el&nbsp;&nbsp;impacto&nbsp;&nbsp;de&nbsp;la&nbsp;guerra&nbsp;de&nbsp;agresi\u00f3n&nbsp;de&nbsp;Rusia&nbsp;contra<br>Ucrania.<\/p>\n","protected":false},"excerpt":{"rendered":"<p>Cer\u00e1mica&nbsp;&nbsp;Valverde&nbsp;Bail\u00e9n&nbsp;S.L.&nbsp;ha&nbsp;recibido&nbsp;una&nbsp;ayuda&nbsp;de&nbsp;la&nbsp;Uni\u00f3n&nbsp;Europeacon&nbsp;&nbsp;&nbsp;cargo&nbsp;&nbsp;al&nbsp;&nbsp;Programa&nbsp;&nbsp;Operativo&nbsp;&nbsp;FEDER&nbsp;&nbsp;de&nbsp;&nbsp;Andaluc\u00eda&nbsp;&nbsp;2014-2020,financiada&nbsp;&nbsp;como&nbsp;&nbsp;parte&nbsp;&nbsp;de&nbsp;&nbsp;la&nbsp;respuesta&nbsp;de&nbsp;la&nbsp;Uni\u00f3n&nbsp;a&nbsp;la&nbsp;pandemia&nbsp;deCOVID-19&nbsp;&nbsp;(REACT-UE),&nbsp;&nbsp;para&nbsp;&nbsp;compensar&nbsp;el&nbsp;sobrecoste&nbsp;energ\u00e9tico&nbsp;de&nbsp;gasnatural&nbsp;&nbsp;y\/o&nbsp;&nbsp;electricidad&nbsp;a&nbsp;pymes&nbsp;y&nbsp;aut\u00f3nomos&nbsp;especialmente&nbsp;afectadospor&nbsp;&nbsp;el&nbsp;&nbsp;incremento&nbsp;&nbsp;de&nbsp;&nbsp;los&nbsp;&nbsp;precios&nbsp;del&nbsp;gas&nbsp;natural&nbsp;y&nbsp;la&nbsp;electriciadprovocados&nbsp;&nbsp;por&nbsp;&nbsp;el&nbsp;&nbsp;impacto&nbsp;&nbsp;de&nbsp;la&nbsp;guerra&nbsp;de&nbsp;agresi\u00f3n&nbsp;de&nbsp;Rusia&nbsp;contraUcrania.<\/p>\n","protected":false},"author":1,"featured_media":0,"parent":0,"menu_order":0,"comment_status":"closed","ping_status":"closed","template":"","meta":[],"yoast_head":"<!-- This site is optimized with the Yoast SEO plugin v16.5 - https:\/\/yoast.com\/wordpress\/plugins\/seo\/ -->\n<title>Ayudas Recibidas - Cer\u00e1mica Valverde S.L.<\/title>\n<meta name=\"robots\" content=\"index, follow, max-snippet:-1, max-image-preview:large, max-video-preview:-1\" \/>\n<link rel=\"canonical\" href=\"https:\/\/ceramicavalverde.com\/index.php\/ayudas-recibidas-autonomicas-europeas\/\" \/>\n<meta property=\"og:locale\" content=\"es_ES\" \/>\n<meta property=\"og:type\" content=\"article\" \/>\n<meta property=\"og:title\" content=\"Ayudas Recibidas - Cer\u00e1mica Valverde S.L.\" \/>\n<meta property=\"og:description\" content=\"Cer\u00e1mica&nbsp;&nbsp;Valverde&nbsp;Bail\u00e9n&nbsp;S.L.&nbsp;ha&nbsp;recibido&nbsp;una&nbsp;ayuda&nbsp;de&nbsp;la&nbsp;Uni\u00f3n&nbsp;Europeacon&nbsp;&nbsp;&nbsp;cargo&nbsp;&nbsp;al&nbsp;&nbsp;Programa&nbsp;&nbsp;Operativo&nbsp;&nbsp;FEDER&nbsp;&nbsp;de&nbsp;&nbsp;Andaluc\u00eda&nbsp;&nbsp;2014-2020,financiada&nbsp;&nbsp;como&nbsp;&nbsp;parte&nbsp;&nbsp;de&nbsp;&nbsp;la&nbsp;respuesta&nbsp;de&nbsp;la&nbsp;Uni\u00f3n&nbsp;a&nbsp;la&nbsp;pandemia&nbsp;deCOVID-19&nbsp;&nbsp;(REACT-UE),&nbsp;&nbsp;para&nbsp;&nbsp;compensar&nbsp;el&nbsp;sobrecoste&nbsp;energ\u00e9tico&nbsp;de&nbsp;gasnatural&nbsp;&nbsp;y\/o&nbsp;&nbsp;electricidad&nbsp;a&nbsp;pymes&nbsp;y&nbsp;aut\u00f3nomos&nbsp;especialmente&nbsp;afectadospor&nbsp;&nbsp;el&nbsp;&nbsp;incremento&nbsp;&nbsp;de&nbsp;&nbsp;los&nbsp;&nbsp;precios&nbsp;del&nbsp;gas&nbsp;natural&nbsp;y&nbsp;la&nbsp;electriciadprovocados&nbsp;&nbsp;por&nbsp;&nbsp;el&nbsp;&nbsp;impacto&nbsp;&nbsp;de&nbsp;la&nbsp;guerra&nbsp;de&nbsp;agresi\u00f3n&nbsp;de&nbsp;Rusia&nbsp;contraUcrania.\" \/>\n<meta property=\"og:url\" content=\"https:\/\/ceramicavalverde.com\/index.php\/ayudas-recibidas-autonomicas-europeas\/\" \/>\n<meta property=\"og:site_name\" content=\"Cer\u00e1mica Valverde S.L.\" \/>\n<meta property=\"article:modified_time\" content=\"2024-02-02T17:28:46+00:00\" \/>\n<meta name=\"twitter:card\" content=\"summary_large_image\" \/>\n<meta name=\"twitter:label1\" content=\"Tiempo de lectura\" \/>\n\t<meta name=\"twitter:data1\" content=\"1 minuto\" \/>\n<script type=\"application\/ld+json\" class=\"yoast-schema-graph\">{\"@context\":\"https:\/\/schema.org\",\"@graph\":[{\"@type\":\"WebSite\",\"@id\":\"https:\/\/ceramicavalverde.com\/#website\",\"url\":\"https:\/\/ceramicavalverde.com\/\",\"name\":\"Cer\\u00e1mica Valverde S.L.\",\"description\":\"Fabricante de jardiner\\u00eda\",\"potentialAction\":[{\"@type\":\"SearchAction\",\"target\":\"https:\/\/ceramicavalverde.com\/?s={search_term_string}\",\"query-input\":\"required name=search_term_string\"}],\"inLanguage\":\"es\"},{\"@type\":\"WebPage\",\"@id\":\"https:\/\/ceramicavalverde.com\/index.php\/ayudas-recibidas-autonomicas-europeas\/#webpage\",\"url\":\"https:\/\/ceramicavalverde.com\/index.php\/ayudas-recibidas-autonomicas-europeas\/\",\"name\":\"Ayudas Recibidas - Cer\\u00e1mica Valverde S.L.\",\"isPartOf\":{\"@id\":\"https:\/\/ceramicavalverde.com\/#website\"},\"datePublished\":\"2024-02-02T17:27:19+00:00\",\"dateModified\":\"2024-02-02T17:28:46+00:00\",\"breadcrumb\":{\"@id\":\"https:\/\/ceramicavalverde.com\/index.php\/ayudas-recibidas-autonomicas-europeas\/#breadcrumb\"},\"inLanguage\":\"es\",\"potentialAction\":[{\"@type\":\"ReadAction\",\"target\":[\"https:\/\/ceramicavalverde.com\/index.php\/ayudas-recibidas-autonomicas-europeas\/\"]}]},{\"@type\":\"BreadcrumbList\",\"@id\":\"https:\/\/ceramicavalverde.com\/index.php\/ayudas-recibidas-autonomicas-europeas\/#breadcrumb\",\"itemListElement\":[{\"@type\":\"ListItem\",\"position\":1,\"name\":\"Portada\",\"item\":\"https:\/\/ceramicavalverde.com\/\"},{\"@type\":\"ListItem\",\"position\":2,\"name\":\"Ayudas Recibidas\"}]}]}<\/script>\n<!-- \/ Yoast SEO plugin. -->","_links":{"self":[{"href":"https:\/\/ceramicavalverde.com\/index.php\/wp-json\/wp\/v2\/pages\/96"}],"collection":[{"href":"https:\/\/ceramicavalverde.com\/index.php\/wp-json\/wp\/v2\/pages"}],"about":[{"href":"https:\/\/ceramicavalverde.com\/index.php\/wp-json\/wp\/v2\/types\/page"}],"author":[{"embeddable":true,"href":"https:\/\/ceramicavalverde.com\/index.php\/wp-json\/wp\/v2\/users\/1"}],"replies":[{"embeddable":true,"href":"https:\/\/ceramicavalverde.com\/index.php\/wp-json\/wp\/v2\/comments?post=96"}],"version-history":[{"count":2,"href":"https:\/\/ceramicavalverde.com\/index.php\/wp-json\/wp\/v2\/pages\/96\/revisions"}],"predecessor-version":[{"id":98,"href":"https:\/\/ceramicavalverde.com\/index.php\/wp-json\/wp\/v2\/pages\/96\/revisions\/98"}],"wp:attachment":[{"href":"https:\/\/ceramicavalverde.com\/index.php\/wp-json\/wp\/v2\/media?parent=96"}],"curies":[{"name":"wp","href":"https:\/\/api.w.org\/{rel}","templated":true}]}}